{"id":9,"date":"2022-01-26T19:08:36","date_gmt":"2022-01-26T18:08:36","guid":{"rendered":"https:\/\/warszow24.cal.pl\/?page_id=9"},"modified":"2022-01-26T19:08:39","modified_gmt":"2022-01-26T18:08:39","slug":"strona-o-warszowie","status":"publish","type":"page","link":"https:\/\/warszow24.cal.pl\/index.php\/strona-o-warszowie\/","title":{"rendered":"Strona o Warszowie"},"content":{"rendered":"\n<p>To b\u0119dzie strona o Warszowie osiedlu \u015awinouj\u015bcia<\/p>\n","protected":false},"excerpt":{"rendered":"<p>To b\u0119dzie strona o Warszowie osiedlu \u015awinouj\u015bcia<\/p>\n","protected":false},"author":1,"featured_media":0,"parent":0,"menu_order":0,"comment_status":"open","ping_status":"closed","template":"","meta":[],"_links":{"self":[{"href":"https:\/\/warszow24.cal.pl\/index.php\/wp-json\/wp\/v2\/pages\/9"}],"collection":[{"href":"https:\/\/warszow24.cal.pl\/index.php\/wp-json\/wp\/v2\/pages"}],"about":[{"href":"https:\/\/warszow24.cal.pl\/index.php\/wp-json\/wp\/v2\/types\/page"}],"author":[{"embeddable":true,"href":"https:\/\/warszow24.cal.pl\/index.php\/wp-json\/wp\/v2\/users\/1"}],"replies":[{"embeddable":true,"href":"https:\/\/warszow24.cal.pl\/index.php\/wp-json\/wp\/v2\/comments?post=9"}],"version-history":[{"count":1,"href":"https:\/\/warszow24.cal.pl\/index.php\/wp-json\/wp\/v2\/pages\/9\/revisions"}],"predecessor-version":[{"id":10,"href":"https:\/\/warszow24.cal.pl\/index.php\/wp-json\/wp\/v2\/pages\/9\/revisions\/10"}],"wp:attachment":[{"href":"https:\/\/warszow24.cal.pl\/index.php\/wp-json\/wp\/v2\/media?parent=9"}],"curies":[{"name":"wp","href":"https:\/\/api.w.org\/{rel}","templated":true}]}}